{"id":14711,"date":"2023-01-21T09:32:03","date_gmt":"2023-01-21T08:32:03","guid":{"rendered":"https:\/\/virtusvita.store\/?post_type=product&#038;p=14711"},"modified":"2023-03-12T09:20:36","modified_gmt":"2023-03-12T08:20:36","slug":"ashwagandha-301-extract-supreme-quality","status":"publish","type":"product","link":"https:\/\/virtusvita.store\/nb\/produkt\/ashwagandha-301-extract-supreme-quality\/","title":{"rendered":"Ashwagandha 30:1 Extract- Supreme Quality"},"content":{"rendered":"<p style=\"text-align: center;\">Norsk nettbutikk. Alle produkt blir sendt fra Norge.<\/p>\n<blockquote>\n<p style=\"text-align: center;\"><strong><span style=\"color: #ff0000;\">&#8220;It will yield the Strength of a Horse&#8221;<\/span><\/strong><\/p>\n<p style=\"text-align: center;\">Charaka Samhita<\/p>\n<\/blockquote>\n<p style=\"text-align: left;\">Ashwagandha, eller Whitania Somnifera som er det latinske navnet, er kjent for \u00e5 ha v\u00e6rt i bruk i 6000 \u00e5r, og er en av de mest unders\u00f8kte urtene i naturen. Det er ogs\u00e5 en av de mest verdsatte i Ayurveda (Vitenskapen om livet).<\/p>\n<p><img data-recalc-dims=\"1\" loading=\"lazy\" decoding=\"async\" data-attachment-id=\"14726\" data-permalink=\"https:\/\/virtusvita.store\/nb\/?attachment_id=14726\" data-orig-file=\"https:\/\/i0.wp.com\/virtusvita.store\/wp-content\/uploads\/2023\/01\/ashwagandha-image1920-%C3%97-1080-px-1.jpg?fit=1920%2C1080&amp;ssl=1\" data-orig-size=\"1920,1080\" data-comments-opened=\"0\" data-image-meta=\"{&quot;aperture&quot;:&quot;0&quot;,&quot;credit&quot;:&quot;&quot;,&quot;camera&quot;:&quot;&quot;,&quot;caption&quot;:&quot;&quot;,&quot;created_timestamp&quot;:&quot;0&quot;,&quot;copyright&quot;:&quot;&quot;,&quot;focal_length&quot;:&quot;0&quot;,&quot;iso&quot;:&quot;0&quot;,&quot;shutter_speed&quot;:&quot;0&quot;,&quot;title&quot;:&quot;&quot;,&quot;orientation&quot;:&quot;0&quot;}\" data-image-title=\"ashwagandha image(1920 \u00d7 1080\u00a0px) (1)\" data-image-description=\"\" data-image-caption=\"\" data-medium-file=\"https:\/\/i0.wp.com\/virtusvita.store\/wp-content\/uploads\/2023\/01\/ashwagandha-image1920-%C3%97-1080-px-1.jpg?fit=300%2C169&amp;ssl=1\" data-large-file=\"https:\/\/i0.wp.com\/virtusvita.store\/wp-content\/uploads\/2023\/01\/ashwagandha-image1920-%C3%97-1080-px-1.jpg?fit=740%2C416&amp;ssl=1\" class=\"aligncenter size-full wp-image-14726\" src=\"https:\/\/i0.wp.com\/virtusvita.store\/wp-content\/uploads\/2023\/01\/ashwagandha-image1920-%C3%97-1080-px-1.jpg?resize=740%2C416&#038;ssl=1\" alt=\"ashwagandha effekt\" width=\"740\" height=\"416\" srcset=\"https:\/\/i0.wp.com\/virtusvita.store\/wp-content\/uploads\/2023\/01\/ashwagandha-image1920-%C3%97-1080-px-1.jpg?w=1920&amp;ssl=1 1920w, https:\/\/i0.wp.com\/virtusvita.store\/wp-content\/uploads\/2023\/01\/ashwagandha-image1920-%C3%97-1080-px-1.jpg?resize=300%2C169&amp;ssl=1 300w, https:\/\/i0.wp.com\/virtusvita.store\/wp-content\/uploads\/2023\/01\/ashwagandha-image1920-%C3%97-1080-px-1.jpg?resize=768%2C432&amp;ssl=1 768w, https:\/\/i0.wp.com\/virtusvita.store\/wp-content\/uploads\/2023\/01\/ashwagandha-image1920-%C3%97-1080-px-1.jpg?resize=1536%2C864&amp;ssl=1 1536w, https:\/\/i0.wp.com\/virtusvita.store\/wp-content\/uploads\/2023\/01\/ashwagandha-image1920-%C3%97-1080-px-1.jpg?resize=1200%2C675&amp;ssl=1 1200w, https:\/\/i0.wp.com\/virtusvita.store\/wp-content\/uploads\/2023\/01\/ashwagandha-image1920-%C3%97-1080-px-1.jpg?resize=600%2C338&amp;ssl=1 600w, https:\/\/i0.wp.com\/virtusvita.store\/wp-content\/uploads\/2023\/01\/ashwagandha-image1920-%C3%97-1080-px-1.jpg?w=1480&amp;ssl=1 1480w\" sizes=\"auto, (max-width: 740px) 100vw, 740px\" \/><\/p>\n<p style=\"text-align: left;\">Dette spesifikke ekstraktet er et 30:1 ekstrakt; hvilket betyr at 30 kg urter er n\u00f8dvendig for \u00e5 produsere 1 kg ekstrakt. Stort sett alt Ashwagandha-pulveret du kommer over er ganske enkelt t\u00f8rket og pulverisert rot, noe som betyr at de har en konsentrasjon p\u00e5 omtrent 5:1. Dette ekstraktet er bokstavelig talt 6 ganger s\u00e5 kraftig.<\/p>\n<h3 style=\"text-align: center;\">Hva er de potensielle fordeler?<\/h3>\n<p style=\"text-align: left;\"><strong>Som en av de mest verdsatte urtene i Ayurveda, og nylig ogs\u00e5 f\u00e5tt mye oppmerksomhet selv i Vesten, er Ashwagandha kjent for \u00e5 gi en forbl\u00f8ffende mengde fordeler:<\/strong><\/p>\n<ul>\n<li>\n<p style=\"text-align: left;\"><strong>Kan lindre stress og angst<\/strong>\u2013 Ashwagandha er veldig kjent for sine stressavlastende egenskaper. Flere studier fremhever denne fordelen, og viser ashwagandhas evne til \u00e5 redusere stress- og angstniv\u00e5er betydelig.<\/p>\n<p style=\"text-align: left;\"><a href=\"https:\/\/pubmed.ncbi.nlm.nih.gov\/32540634\/\">En spesiell studie<\/a> indikerte at ashwagandha ogs\u00e5 kan v\u00e6re til fordel for s\u00f8vnkvaliteten - forskere bekreftet at deltakerne sov mye bedre med doser av urten sammenlignet med placebodoser.<\/p>\n<\/li>\n<li style=\"text-align: left;\"><strong>Kan senke blodsukker og fett-<\/strong> Noen kliniske studier har funnet at ashwagandha er nyttig for \u00e5 redusere blodsukkerniv\u00e5et og triglyserider (den vanligste typen fett i blodet). <a href=\"https:\/\/pubmed.ncbi.nlm.nih.gov\/11116534\/\">En studie<\/a> sammenlignet ashwagandhas blodsukkersenkende effekt med medisiner foreskrevet for type 2 diabetes.<\/li>\n<li style=\"text-align: left;\"><strong>Kan \u00f8ke muskelmasse og styrke-<\/strong> Mange studier har blitt gjort for \u00e5 bevise ashwagandhas effektivitet i \u00e5 forbedre styrke og muskelst\u00f8rrelse. <a href=\"https:\/\/pubmed.ncbi.nlm.nih.gov\/21170205\/\">En studie<\/a> fant at deltakerne opplevde \u00f8kt hastighet og styrke. <a href=\"https:\/\/pubmed.ncbi.nlm.nih.gov\/23125505\/\">En annen studie<\/a> observerte en \u00f8kning i muskelkraft, sammen med en lavere\u00a0kroppsfettprosent\u00a0og reduserte kolesterolniv\u00e5er n\u00e5r ashwagandha ble konsumert. Ashwagandha-behandlinger ga positive resultater i <a href=\"https:\/\/pubmed.ncbi.nlm.nih.gov\/26609282\/\">en annen studie<\/a> gjennomf\u00f8rt utelukkende med mannlige deltakere. Sammenlignet med placebogruppen s\u00e5 menn som fikk ashwagandha betydelige \u00f8kninger i muskelstyrke og muskelst\u00f8rrelse i armer og bryst (studien brukte benkpress som en referanse\u00f8velse), samt en betydelig reduksjon i kroppsfettprosent og ettertrenings- muskelskade.<\/li>\n<li style=\"text-align: left;\"><strong>Kan \u00f8ke fruktbarheten og testosteronniv\u00e5et hos menn-<\/strong> Ashwagandha kan ogs\u00e5 gi reproduktive fordeler for menn. Administrering av ashwagandha til infertile menn har vist seg \u00e5 forbedre s\u00e6dkvaliteten betydelig ved \u00e5 rebalansere reproduktive hormonniv\u00e5er. Separat, i en <a href=\"https:\/\/www.ncbi.nlm.nih.gov\/pmc\/articles\/PMC6750292\/\">stress relatert ashwagandha studie<\/a>, fant forskere at urten \u00f8kte testosteronniv\u00e5et hos mannlige, men ikke kvinnelige deltakere. <a href=\"https:\/\/pubmed.ncbi.nlm.nih.gov\/26609282\/\">En annen studie<\/a> testing av ashwagandhas effekt p\u00e5 muskelstyrke hos menn m\u00e5lte ogs\u00e5 en betydelig \u00f8kning i testosteron.<\/li>\n<li style=\"text-align: left;\"><strong>Kan skjerpe fokus og hukommelse-<\/strong> Ashwagandha kan bidra til \u00e5 forbedre kognisjon, hukommelse og evnen til \u00e5 utf\u00f8re motoriske reaksjoner etter instruksjon. <a href=\"https:\/\/pubmed.ncbi.nlm.nih.gov\/24497737\/\">Sm\u00e5 studier<\/a> har funnet at sammenlignet med en placebo, forbedret ashwagandha deltakernes reaksjonstider betydelig under kognisjons- og psykomotoriske tester (som m\u00e5ler evnen til \u00e5 svare p\u00e5 instruksjoner og utf\u00f8re en indikert handling).<a href=\"https:\/\/pubmed.ncbi.nlm.nih.gov\/28471731\/\">En studie<\/a> fant til og med ut at ashwagandha betydelig forbedret deltakernes oppmerksomhetsspenn, s\u00e5 vel som deres umiddelbare og generelle hukommelse gjennom en rekke tester.<\/li>\n<li style=\"text-align: left;\"><strong>Kan st\u00f8tte en bedre hjertehelse-<\/strong> <a href=\"https:\/\/pubmed.ncbi.nlm.nih.gov\/21170205\/\">Denne ene studien<\/a> viser at ashwagandha kan \u00f8ke VO2 max niv\u00e5ene, som er den maksimale mengden oksygen du tar inn mens du fysisk anstrenger deg. Disse niv\u00e5ene brukes til \u00e5 m\u00e5le kardiorespiratorisk utholdenhet - hvor godt hjertet og lungene leverer oksygen til musklene under fysisk aktivitet. Dermed kan h\u00f8yere VO2 max-niv\u00e5er indikere et sunt hjerte som fungerer bra under disse omstendighetene.<\/li>\n<\/ul>\n<p>&nbsp;<\/p>\n<h3 style=\"text-align: center;\">Dosering og anbefalinger<\/h3>\n<p style=\"text-align: left;\">A daily dosage of 1000-2000 mg is recommended, and you may well divide it in two dosages if you feel like it. Taken in the afternoon or evening it will provide the best benefits, as this herb aids in healthy sleep. It&#8217;s not recommended to use it as a pre-workout supplement, though it has muscle building properties. It will make you relax, and that&#8217;s really not what you want when working out. Post-workout however it&#8217;s excellent. As most other herbs and supplements it works best taken on an empty stomach. Add it to a glass of warm(35-40 degrees C) water for ease of blending, or use a shaker if you wanna use cold water.<\/p>\n<p style=\"text-align: left;\">This particular extract has a withanolide concentration of at least 2.5%, which I personally find the ideal concentration in terms of taste and benefits.<\/p>\n<p style=\"text-align: left;\">If you&#8217;re looking into Ashwagandha for support of testosterone, you would also benefit from looking at <a href=\"https:\/\/virtusvita.store\/nb\/produkt\/thunderbolt\/\">denne formelen.<\/a><\/p>\n<p style=\"text-align: left;\"><strong>Advarsel:<\/strong><\/p>\n<p style=\"text-align: left;\">Pregnant and breast feeding women should not take Ashwagandha. Talk to a doctor before using ashwagandha if you have any health conditions, including\u00a0<b>cancer, diabetes, thyroid problems, bleeding disorders, ulcers, lupus, multiple sclerosis, or rheumatoid arthritis<\/b>. Ashwagandha might interfere with thyroid tests. Stop taking ashwagandha two weeks before surgery.<\/p>\n<hr \/>\n<p style=\"text-align: left;\">Every order comes with a 1 gram measuring spoon.<\/p>\n<p style=\"text-align: left;\"><strong>Ingredienser: <\/strong>100% organic Ashwagandha 30:1 extract- nothing else.<\/p>","protected":false},"excerpt":{"rendered":"<p>Norwegian online store. All products are sent from Norway. &#8220;It will yield the Strength of a Horse&#8221; Charaka Samhita Known to been in use for 6000 years, Ashwagandha, or Whitania Somnifera which is the Latin name, is one of the most researched herbs in nature. It is also one of the most treasured ones in &hellip; <a href=\"https:\/\/virtusvita.store\/nb\/produkt\/ashwagandha-301-extract-supreme-quality\/\" class=\"more-link\">Continue reading <span class=\"screen-reader-text\">Ashwagandha 30:1 Extract- Supreme Quality<\/span><\/a><\/p>","protected":false},"featured_media":14725,"comment_status":"open","ping_status":"closed","template":"","meta":{"_coblocks_attr":"","_coblocks_dimensions":"","_coblocks_responsive_height":"","_coblocks_accordion_ie_support":"","_crdt_document":"","_monsterinsights_skip_tracking":false,"_monsterinsights_sitenote_active":false,"_monsterinsights_sitenote_note":"","_monsterinsights_sitenote_category":0,"jetpack_post_was_ever_published":false,"jetpack_publicize_message":"","jetpack_publicize_feature_enabled":true,"jetpack_social_post_already_shared":true,"jetpack_social_options":{"image_generator_settings":{"template":"highway","default_image_id":0,"font":"","enabled":false},"version":2},"_wpas_customize_per_network":false},"product_brand":[],"product_cat":[684767521,684767518,684767698],"product_tag":[684767777,684767771,684767499,684767701,684767773,684767774,684767498,684767776],"class_list":{"0":"post-14711","1":"product","2":"type-product","3":"status-publish","4":"has-post-thumbnail","6":"product_cat-adaptogens","7":"product_cat-herbal-extracts","8":"product_cat-single","9":"product_tag-adaptogen","10":"product_tag-herbal-medicine","11":"product_tag-manliness","12":"product_tag-muscles","13":"product_tag-muskelvekst","14":"product_tag-naturlig-testosteron","15":"product_tag-testosterone","16":"product_tag-urtemedisin","18":"first","19":"instock","20":"shipping-taxable","21":"purchasable","22":"product-type-simple"},"aioseo_notices":[],"jetpack_publicize_connections":[],"jetpack_likes_enabled":false,"jetpack_sharing_enabled":true,"_links":{"self":[{"href":"https:\/\/virtusvita.store\/nb\/wp-json\/wp\/v2\/product\/14711","targetHints":{"allow":["GET"]}}],"collection":[{"href":"https:\/\/virtusvita.store\/nb\/wp-json\/wp\/v2\/product"}],"about":[{"href":"https:\/\/virtusvita.store\/nb\/wp-json\/wp\/v2\/types\/product"}],"replies":[{"embeddable":true,"href":"https:\/\/virtusvita.store\/nb\/wp-json\/wp\/v2\/comments?post=14711"}],"wp:featuredmedia":[{"embeddable":true,"href":"https:\/\/virtusvita.store\/nb\/wp-json\/wp\/v2\/media\/14725"}],"wp:attachment":[{"href":"https:\/\/virtusvita.store\/nb\/wp-json\/wp\/v2\/media?parent=14711"}],"wp:term":[{"taxonomy":"product_brand","embeddable":true,"href":"https:\/\/virtusvita.store\/nb\/wp-json\/wp\/v2\/product_brand?post=14711"},{"taxonomy":"product_cat","embeddable":true,"href":"https:\/\/virtusvita.store\/nb\/wp-json\/wp\/v2\/product_cat?post=14711"},{"taxonomy":"product_tag","embeddable":true,"href":"https:\/\/virtusvita.store\/nb\/wp-json\/wp\/v2\/product_tag?post=14711"}],"curies":[{"name":"wp","href":"https:\/\/api.w.org\/{rel}","templated":true}]}}