{"id":2301,"date":"2022-08-22T14:52:06","date_gmt":"2022-08-22T14:52:06","guid":{"rendered":"https:\/\/virtusvita.store\/?post_type=product&#038;p=2301"},"modified":"2023-03-12T08:46:43","modified_gmt":"2023-03-12T07:46:43","slug":"matcha-ceremonial-grade","status":"publish","type":"product","link":"https:\/\/virtusvita.store\/nb\/produkt\/matcha-ceremonial-grade\/","title":{"rendered":"Matcha- Ceremonial Grade. 100% \u00d8kologisk"},"content":{"rendered":"<h4 style=\"text-align: center;\">Norsk nettbutikk. Alle produkt blir sendt fra Norge.<\/h4>\n<blockquote>\n<h3 style=\"text-align: center;\"><em><span style=\"color: #ff0000;\">&#8220;Life is like a Cup of Tea; it&#8217;s all in how you make it!&#8221;<\/span><\/em><\/h3>\n<\/blockquote>\n<p style=\"text-align: left;\">Det fineste Matcha-pulveret tilgjengeleg, h\u00e5ndplukket og self\u00f8lgelig100 % \u00f8kologisk dyrket. Helsefordelene med Matcha er for mange til \u00e5 nevne her, men for \u00e5 nevne noen:<\/p>\n<ul>\n<li style=\"text-align: left;\">En av de sterkeste antioksidantene du kan finne, som inneholder ekstraordin\u00e6rt store mengder katekiner - faktisk opptil dusinvis av ganger mer enn vanlig gr\u00f8nn te<\/li>\n<li style=\"text-align: left;\">Gir store mengder koffein, omtrent 35 mg per gram, men uten de nerv\u00f8se ettervirkningene av kaffi<\/li>\n<li style=\"text-align: left;\">Den inneheld store mengder L-theanin, som kombinert med koffein gj\u00e6r underverk for din kognitive ytelse (koffein i seg selv gj\u00f8r mer skade enn nytte, s\u00e5 hold deg unna typiske energidrikker). Du vil f\u00e5 en \"high\" av koffeinen, men uten den typiske krasjen en opplever etter \u00e5 ha drukket for mye kaffi.<\/li>\n<li style=\"text-align: left;\">Beskytter tannemaljen<\/li>\n<li style=\"text-align: left;\">Reduserer usunn kolesterol<\/li>\n<li style=\"text-align: left;\">\u00d8ker stoffskiftet, og hjelper derfor til med vekttap<\/li>\n<li style=\"text-align: left;\">Reduserer plakk og bakterier i munnen, forhindrer derfor d\u00e5rlig \u00e5nde<\/li>\n<li style=\"text-align: left;\">Bra for hudens helse<\/li>\n<\/ul>\n<p style=\"text-align: center;\"><img data-recalc-dims=\"1\" loading=\"lazy\" decoding=\"async\" data-attachment-id=\"14601\" data-permalink=\"https:\/\/virtusvita.store\/nb\/?attachment_id=14601\" data-orig-file=\"https:\/\/i0.wp.com\/virtusvita.store\/wp-content\/uploads\/2022\/08\/Matcha-1920x1080-1.jpg?fit=1920%2C1080&amp;ssl=1\" data-orig-size=\"1920,1080\" data-comments-opened=\"0\" data-image-meta=\"{&quot;aperture&quot;:&quot;0&quot;,&quot;credit&quot;:&quot;&quot;,&quot;camera&quot;:&quot;&quot;,&quot;caption&quot;:&quot;&quot;,&quot;created_timestamp&quot;:&quot;0&quot;,&quot;copyright&quot;:&quot;&quot;,&quot;focal_length&quot;:&quot;0&quot;,&quot;iso&quot;:&quot;0&quot;,&quot;shutter_speed&quot;:&quot;0&quot;,&quot;title&quot;:&quot;&quot;,&quot;orientation&quot;:&quot;0&quot;}\" data-image-title=\"Matcha 1920&amp;#215;1080 (1)\" data-image-description=\"\" data-image-caption=\"\" data-medium-file=\"https:\/\/i0.wp.com\/virtusvita.store\/wp-content\/uploads\/2022\/08\/Matcha-1920x1080-1.jpg?fit=300%2C169&amp;ssl=1\" data-large-file=\"https:\/\/i0.wp.com\/virtusvita.store\/wp-content\/uploads\/2022\/08\/Matcha-1920x1080-1.jpg?fit=740%2C416&amp;ssl=1\" class=\"aligncenter size-full wp-image-14601\" src=\"https:\/\/i0.wp.com\/virtusvita.store\/wp-content\/uploads\/2022\/08\/Matcha-1920x1080-1.jpg?resize=740%2C416&#038;ssl=1\" alt=\"\" width=\"740\" height=\"416\" srcset=\"https:\/\/i0.wp.com\/virtusvita.store\/wp-content\/uploads\/2022\/08\/Matcha-1920x1080-1.jpg?w=1920&amp;ssl=1 1920w, https:\/\/i0.wp.com\/virtusvita.store\/wp-content\/uploads\/2022\/08\/Matcha-1920x1080-1.jpg?resize=300%2C169&amp;ssl=1 300w, https:\/\/i0.wp.com\/virtusvita.store\/wp-content\/uploads\/2022\/08\/Matcha-1920x1080-1.jpg?resize=768%2C432&amp;ssl=1 768w, https:\/\/i0.wp.com\/virtusvita.store\/wp-content\/uploads\/2022\/08\/Matcha-1920x1080-1.jpg?resize=1536%2C864&amp;ssl=1 1536w, https:\/\/i0.wp.com\/virtusvita.store\/wp-content\/uploads\/2022\/08\/Matcha-1920x1080-1.jpg?resize=1200%2C675&amp;ssl=1 1200w, https:\/\/i0.wp.com\/virtusvita.store\/wp-content\/uploads\/2022\/08\/Matcha-1920x1080-1.jpg?resize=600%2C338&amp;ssl=1 600w, https:\/\/i0.wp.com\/virtusvita.store\/wp-content\/uploads\/2022\/08\/Matcha-1920x1080-1.jpg?w=1480&amp;ssl=1 1480w\" sizes=\"auto, (max-width: 740px) 100vw, 740px\" \/><\/p>\n<h3><\/h3>\n<h3 style=\"text-align: center;\">Matcha for en fokusert sinnstilstand<\/h3>\n<p style=\"text-align: left;\">Matcha er kjent for \u00e5 forbedra konsentrasjon og fokus, noe som gj\u00f8r det til et utmerket valg som t.d Pre-workout.<\/p>\n<p style=\"text-align: left;\">Apropos pre-workout formler, hvis det er det du er ute etter, vil du kanskje ha nytte av \u00e5 se p\u00e5 <a href=\"https:\/\/virtusvita.store\/nb\/produkt\/pre-workout\/\">Thor&#8217;s Hammer Pre-workout formula.<\/a><\/p>\n<p style=\"text-align: left;\">Pulveret er veldig fint, og lett \u00e5 blande ut ogs\u00e5 i kaldt vann- hvis du bruker en shaker eller en visp. Det er \u00f3g veldig kraftig p\u00e5 smak, s\u00e5 det trengs kun en liten mengde pulver for \u00e5 f\u00e5 den ekte Matcha-smaken.<\/p>\n<p style=\"text-align: left;\">Hvis du leter etter ekte, vitenskapelige bevis p\u00e5 de absolutte helsefordelene ved Matcha, vil du definitivt lese <a href=\"https:\/\/www.ncbi.nlm.nih.gov\/pmc\/articles\/PMC7796401\/\">denne artikkelen.<\/a><\/p>\n<p>&nbsp;<\/p>\n<p style=\"text-align: left;\"><strong>Ingredienser:<\/strong> Ingredienser: 70 gram \u00f8kologisk dyrket, Ceremonial Grade Matcha, intet annet.<\/p>","protected":false},"excerpt":{"rendered":"<p>Norwegian online store. All products are sent from Norway. &#8220;Life is like a Cup of Tea; it&#8217;s all in how you make it!&#8221; The finest grade Matcha powder available, hand picked and 100% organically grown of course. The health benefits of Matcha are too numerous to mention here, but just to name a few: One &hellip; <a href=\"https:\/\/virtusvita.store\/nb\/produkt\/matcha-ceremonial-grade\/\" class=\"more-link\">Continue reading <span class=\"screen-reader-text\">Matcha- Ceremonial Grade. 100% \u00d8kologisk<\/span><\/a><\/p>","protected":false},"featured_media":14602,"comment_status":"open","ping_status":"closed","template":"","meta":{"_coblocks_attr":"","_coblocks_dimensions":"","_coblocks_responsive_height":"","_coblocks_accordion_ie_support":"","_crdt_document":"","_monsterinsights_skip_tracking":false,"_monsterinsights_sitenote_active":false,"_monsterinsights_sitenote_note":"","_monsterinsights_sitenote_category":0,"jetpack_post_was_ever_published":false,"jetpack_publicize_message":"","jetpack_publicize_feature_enabled":true,"jetpack_social_post_already_shared":true,"jetpack_social_options":{"image_generator_settings":{"template":"highway","default_image_id":0,"font":"","enabled":false},"version":2},"_wpas_customize_per_network":false},"product_brand":[],"product_cat":[684767518,684767519],"product_tag":[684767520,684767772,684767508,684767737,684767500],"class_list":{"0":"post-2301","1":"product","2":"type-product","3":"status-publish","4":"has-post-thumbnail","6":"product_cat-herbal-extracts","7":"product_cat-tea","8":"product_tag-anti-oxidant","9":"product_tag-green-tea","10":"product_tag-nutrition","11":"product_tag-rejuvenant","12":"product_tag-strength","14":"first","15":"instock","16":"shipping-taxable","17":"purchasable","18":"product-type-simple"},"aioseo_notices":[],"jetpack_publicize_connections":[],"jetpack_likes_enabled":false,"jetpack_sharing_enabled":true,"_links":{"self":[{"href":"https:\/\/virtusvita.store\/nb\/wp-json\/wp\/v2\/product\/2301","targetHints":{"allow":["GET"]}}],"collection":[{"href":"https:\/\/virtusvita.store\/nb\/wp-json\/wp\/v2\/product"}],"about":[{"href":"https:\/\/virtusvita.store\/nb\/wp-json\/wp\/v2\/types\/product"}],"replies":[{"embeddable":true,"href":"https:\/\/virtusvita.store\/nb\/wp-json\/wp\/v2\/comments?post=2301"}],"wp:featuredmedia":[{"embeddable":true,"href":"https:\/\/virtusvita.store\/nb\/wp-json\/wp\/v2\/media\/14602"}],"wp:attachment":[{"href":"https:\/\/virtusvita.store\/nb\/wp-json\/wp\/v2\/media?parent=2301"}],"wp:term":[{"taxonomy":"product_brand","embeddable":true,"href":"https:\/\/virtusvita.store\/nb\/wp-json\/wp\/v2\/product_brand?post=2301"},{"taxonomy":"product_cat","embeddable":true,"href":"https:\/\/virtusvita.store\/nb\/wp-json\/wp\/v2\/product_cat?post=2301"},{"taxonomy":"product_tag","embeddable":true,"href":"https:\/\/virtusvita.store\/nb\/wp-json\/wp\/v2\/product_tag?post=2301"}],"curies":[{"name":"wp","href":"https:\/\/api.w.org\/{rel}","templated":true}]}}